{"id":975,"date":"2016-12-12T14:50:59","date_gmt":"2016-12-12T14:50:59","guid":{"rendered":"https:\/\/themify.me\/demo\/themes\/shoppe-black\/?page_id=190"},"modified":"2026-01-08T08:32:45","modified_gmt":"2026-01-08T11:32:45","slug":"estudiodefundo-infinito","status":"publish","type":"page","link":"https:\/\/zeronoveestudio.com\/index.php\/estudiodefundo-infinito\/","title":{"rendered":"Est\u00fadio Fundo Infinito"},"content":{"rendered":"<!--themify_builder_content-->\n<div id=\"themify_builder_content-975\" data-postid=\"975\" class=\"themify_builder_content themify_builder_content-975 themify_builder tf_clear\">\n    \t<!-- module_row -->\n\t<div  data-lazy=\"1\" class=\"module_row themify_builder_row fullcover tb_vmc5003 tb_first tf_clearfix\" >\n\t    <div class=\"tf_abs builder_row_cover\"><\/div>\t\t<div class=\"row_inner col_align_middle gutter-none col-count-1 tf_box tf_w tf_rel\">\n\t\t\t<div  data-lazy=\"1\" class=\"module_column tb-column col-full first tb_4oa7102 tf_box\">\n\t\t\t    \t        <div class=\"tb-column-inner tf_box tf_w\">\n\t\t    <!-- module text -->\n<div  class=\"module module-text tb_138o770   \" data-lazy=\"1\">\n        <div  class=\"tb_text_wrap\">\n    <h1>Est\u00fadio Fundo Infinito<\/h1>    <\/div>\n<\/div>\n<!-- \/module text -->\t        <\/div>\n\t    \t<\/div>\n\t\t    <\/div>\n\t    <!-- \/row_inner -->\n\t<\/div>\n\t<!-- \/module_row -->\n\t\t<!-- module_row -->\n\t<div  data-lazy=\"1\" class=\"module_row themify_builder_row tb_ds56000 tf_clearfix\" >\n\t    \t\t<div class=\"row_inner col_align_top col-count-1 tf_box tf_w tf_rel\">\n\t\t\t<div  data-lazy=\"1\" class=\"module_column tb-column col-full first tb_lxca999 tf_box\">\n\t\t\t    \t        <div class=\"tb-column-inner tf_box tf_w\">\n\t\t    <!-- module text -->\n<div  class=\"module module-text tb_uhrl330   \" data-lazy=\"1\">\n        <div  class=\"tb_text_wrap\">\n    <p>Alugue Est\u00fadio de Fundo Infinito em Belo Horizonte!<\/p>\n<p>Se voc\u00ea est\u00e1 em busca de alugar um espa\u00e7o que ofere\u00e7a um fundo infinito para suas fotos e v\u00eddeos em BH, o Est\u00fadio Zero \u00e9 o lugar perfeito para voc\u00ea. Aqui, voc\u00ea encontrar\u00e1 uma estrutura completa, com 27 m\u00b2, equipamentos de ilumina\u00e7\u00e3o, camarim, banheiro e Wi-Fi. Al\u00e9m disso, nossa localiza\u00e7\u00e3o privilegiada proporciona facilidade de acesso para sua conveni\u00eancia, no cora\u00e7\u00e3o de BH!<\/p>\n<p>Por que escolher nosso Est\u00fadio de Fundo Infinito?<\/p>\n<p>Primeiramente, nosso fundo infinito \u00e9 incrivelmente vers\u00e1til e oferece infinitas possibilidades criativas. Com ele, voc\u00ea poder\u00e1 criar imagens e v\u00eddeos que transmitem uma sensa\u00e7\u00e3o de profundidade, capturando a aten\u00e7\u00e3o do seu p\u00fablico de forma impactante.<\/p>\n<p>Em segundo lugar, nosso est\u00fadio conta com equipamentos de ilumina\u00e7\u00e3o profissional de alta qualidade. Isso garante que suas produ\u00e7\u00f5es tenham uma ilumina\u00e7\u00e3o adequada, ressaltando detalhes e transmitindo a atmosfera desejada.<\/p>\n<p>Al\u00e9m disso, nosso espa\u00e7o foi projetado pensando no seu conforto e comodidade. Com um camarim dispon\u00edvel, voc\u00ea e sua equipe poder\u00e3o se preparar e organizar os detalhes antes das sess\u00f5es de fotos ou grava\u00e7\u00f5es. O banheiro est\u00e1 convenientemente localizado para que voc\u00ea tenha acesso f\u00e1cil e r\u00e1pido. E com a conex\u00e3o Wi-Fi est\u00e1vel, voc\u00ea poder\u00e1 trabalhar de forma tranquila e eficiente.<\/p>\n<p>No Est\u00fadio Zero, nosso compromisso \u00e9 proporcionar uma experi\u00eancia completa e de alta qualidade para nossos clientes. Al\u00e9m do espa\u00e7o com fundo infinito, oferecemos equipamentos adicionais, como c\u00e2meras de alta resolu\u00e7\u00e3o e acess\u00f3rios, para atender \u00e0s suas necessidades espec\u00edficas.<\/p>\n<p>N\u00e3o deixe passar a oportunidade de aproveitar ao m\u00e1ximo seus projetos audiovisuais e fotogr\u00e1ficos. Entre em contato conosco hoje mesmo para reservar seu espa\u00e7o no Est\u00fadio de Fundo Infinito do Est\u00fadio Zero!<\/p>    <\/div>\n<\/div>\n<!-- \/module text -->\t        <\/div>\n\t    \t<\/div>\n\t\t    <\/div>\n\t    <!-- \/row_inner -->\n\t<\/div>\n\t<!-- \/module_row -->\n\t\t<!-- module_row -->\n\t<div  data-lazy=\"1\" class=\"module_row themify_builder_row tb_emar092 tf_clearfix\" >\n\t    \t\t<div class=\"row_inner col_align_top col-count-1 tf_box tf_w tf_rel\">\n\t\t\t<div  data-lazy=\"1\" class=\"module_column tb-column col-full first tb_4ydw900 tf_box\">\n\t\t\t    \t        <div class=\"tb-column-inner tf_box tf_w\">\n\t\t    \t<div  data-lazy=\"1\" class=\"module_subrow themify_builder_sub_row tb_ilai007 tf_w tf_clearfix\">\n\t    \t\t<div class=\"subrow_inner col_align_top gutter-narrow col-count-2 tf_box tf_w\">\n\t\t\t<div  data-lazy=\"1\" class=\"sub_column module_column tf_box col4-2 first tb_72m8590\"> \n\t    \t    \t        <div class=\"tb-column-inner tf_box tf_w\">\n\t\t    <!-- module image -->\n<div  class=\"module module-image tb_ikip090   image-overlay tf_mw\" data-lazy=\"1\">\n        <div class=\"image-wrap tf_rel tf_mw\">\n\t\t    <img fetchpriority=\"high\" decoding=\"async\" src=\"http:\/\/zeronoveestudio.com\/wp-content\/uploads\/2022\/06\/ESTUDIO_ZERO_2.jpg\" width=\"600\" height=\"906\" title=\"Est\u00fadio Fundo Infinito\" alt=\"Est\u00fadio Fundo Infinito\">\t\n\t\n    \t\t\t<\/div>\n\t\t<!-- \/image-wrap -->\n\t<\/div>\n<!-- \/module image -->\t        <\/div>\n\t    \t<\/div>\n\t\t<div  data-lazy=\"1\" class=\"sub_column module_column tf_box col4-2 last tb_5tfg080\"> \n\t    \t    \t        <div class=\"tb-column-inner tf_box tf_w\">\n\t\t    <!-- module image -->\n<div  class=\"module module-image tb_agkk700   image-overlay tf_mw\" data-lazy=\"1\">\n        <div class=\"image-wrap tf_rel tf_mw\">\n\t\t    <img decoding=\"async\" src=\"http:\/\/zeronoveestudio.com\/wp-content\/uploads\/2022\/06\/ESTUDIO_ZERO.jpg\" width=\"600\" height=\"906\" title=\"Est\u00fadio Fundo Infinito\" alt=\"Est\u00fadio Fundo Infinito\">\t\n\t\n    \t\t\t<\/div>\n\t\t<!-- \/image-wrap -->\n\t<\/div>\n<!-- \/module image -->\t        <\/div>\n\t    \t<\/div>\n\t\t    <\/div>\n\t<\/div><!-- \/themify_builder_sub_row -->\n\t\t<div  data-lazy=\"1\" class=\"module_subrow themify_builder_sub_row tb_4nvt923 tf_w tf_clearfix\">\n\t    \t\t<div class=\"subrow_inner col_align_top gutter-narrow col-count-2 tf_box tf_w\">\n\t\t\t<div  data-lazy=\"1\" class=\"sub_column module_column tf_box col4-2 first tb_4e9c924\"> \n\t    \t    \t        <div class=\"tb-column-inner tf_box tf_w\">\n\t\t    <!-- module image -->\n<div  class=\"module module-image tb_vn7d924   image-overlay tf_mw\" data-lazy=\"1\">\n        <div class=\"image-wrap tf_rel tf_mw\">\n\t\t    <img decoding=\"async\" src=\"http:\/\/zeronoveestudio.com\/wp-content\/uploads\/2022\/06\/camarim.jpg\" width=\"600\" title=\"Est\u00fadio Fundo Infinito\" alt=\"Est\u00fadio Fundo Infinito\">\t\n\t\n    \t\t\t<\/div>\n\t\t<!-- \/image-wrap -->\n\t<\/div>\n<!-- \/module image -->\t        <\/div>\n\t    \t<\/div>\n\t\t<div  data-lazy=\"1\" class=\"sub_column module_column tf_box col4-2 last tb_pmpt924\"> \n\t    \t    \t        <div class=\"tb-column-inner tf_box tf_w\">\n\t\t    <!-- module image -->\n<div  class=\"module module-image tb_23l1924   image-overlay tf_mw\" data-lazy=\"1\">\n        <div class=\"image-wrap tf_rel tf_mw\">\n\t\t    <img decoding=\"async\" src=\"http:\/\/zeronoveestudio.com\/wp-content\/uploads\/2022\/06\/camarim2-1.jpg\" width=\"600\" height=\"906\" title=\"Est\u00fadio Fundo Infinito\" alt=\"Est\u00fadio Fundo Infinito\">\t\n\t\n    \t\t\t<\/div>\n\t\t<!-- \/image-wrap -->\n\t<\/div>\n<!-- \/module image -->\t        <\/div>\n\t    \t<\/div>\n\t\t    <\/div>\n\t<\/div><!-- \/themify_builder_sub_row -->\n\t\t        <\/div>\n\t    \t<\/div>\n\t\t    <\/div>\n\t    <!-- \/row_inner -->\n\t<\/div>\n\t<!-- \/module_row -->\n\t\t<!-- module_row -->\n\t<div  data-anchor=\"contato\" data-lazy=\"1\" class=\"module_row themify_builder_row tb_has_section tb_section-contato tb_uvmw241 tf_clearfix hide-tablet hide-mobile\" >\n\t    \t\t<div class=\"row_inner col_align_middle gutter-none col-count-2 tf_box tf_w tf_rel\">\n\t\t\t<div  data-lazy=\"1\" style=\"width: 56.12%\" class=\"module_column tb-column col2-1 first tb_e567241 tf_box\">\n\t\t\t    \t        <div class=\"tb-column-inner tf_box tf_w\">\n\t\t    <!-- module text -->\n<div  class=\"module module-text tb_m8sm242   \" data-lazy=\"1\">\n        <div  class=\"tb_text_wrap\">\n    <h3>Agende um hor\u00e1rio conosco,<\/h3>\n<h3>entre em contato agora mesmo.<\/h3>    <\/div>\n<\/div>\n<!-- \/module text -->\t        <\/div>\n\t    \t<\/div>\n\t\t<div  data-lazy=\"1\" style=\"width: 43.88%\" class=\"module_column tb-column col2-1 last tb_mx0i242 tf_box\">\n\t\t\t    \t        <div class=\"tb-column-inner tf_box tf_w\">\n\t\t    <!-- module text -->\n<div  class=\"module module-text tb_s2bm242   \" data-lazy=\"1\">\n        <div  class=\"tb_text_wrap\">\n    <p>contato@zeronoveestudio.com<\/p>    <\/div>\n<\/div>\n<!-- \/module text --><!-- module divider -->\n<div  class=\"module tf_mw module-divider tb_xn8b242 solid   \" style=\"border-width: 1px;border-color: #ffffff;\" data-lazy=\"1\">\n    <\/div>\n<!-- \/module divider -->\n<!-- module buttons -->\n<div  class=\"module module-buttons tb_dor6242 buttons-horizontal outline \" data-lazy=\"1\">\n    \t<div class=\"module-buttons-item tf_inline_b\">\n\t\t\t\t\t\t\t<a href=\"https:\/\/wa.me\/5531999090975?text=Ol%C3%A1!%20%20Estava%20navegando%20no%20site%20e%20gostaria%20de%20informa%C3%A7%C3%B5es%20sobre%20os%20servi%C3%A7os%20da%20Zero%20Nove%20Est%C3%BAdio\" class=\"ui builder_button green\" >\n\t\t\t\t\t\t\t\t\t\t\t\t<em class=\"tf_inline_b tf_vmiddle\"><svg  aria-hidden=\"true\" class=\"tf_fa tf-fab-whatsapp\"><use href=\"#tf-fab-whatsapp\"><\/use><\/svg><\/em>\t\t\t\t\t\t\t\t<span class=\"tf_inline_b tf_vmiddle\">Nos chame no WhatsApp<\/span>\n\t\t\t\t\t\t\t\t\t\t\t<\/a>\n\t\t\t    \t<\/div>\n\t<\/div>\n<!-- \/module buttons -->\n<!-- module divider -->\n<div  class=\"module tf_mw module-divider tb_m6vg242 solid   \" style=\"border-width: 1px;border-color: #ffffff;\" data-lazy=\"1\">\n    <\/div>\n<!-- \/module divider -->\n<!-- module text -->\n<div  class=\"module module-text tb_5o0h242   \" data-lazy=\"1\">\n        <div  class=\"tb_text_wrap\">\n    <p><br>Entre em contato pelo e-mail ou WhatsApp e tire suas d\u00favidas, responderemos o mais r\u00e1pido poss\u00edvel.<\/p>    <\/div>\n<\/div>\n<!-- \/module text -->\t        <\/div>\n\t    \t<\/div>\n\t\t    <\/div>\n\t    <!-- \/row_inner -->\n\t<\/div>\n\t<!-- \/module_row -->\n\t\t<!-- module_row -->\n\t<div  data-lazy=\"1\" class=\"module_row themify_builder_row builder-parallax-scrolling tb_ljnt100 tf_clearfix hide-desktop hide-tablet hide-tablet_landscape hide-mobile\" >\n\t    <div class=\"tf_abs builder_row_cover\"><\/div>\t\t<div class=\"row_inner col_align_top col-count-1 tf_box tf_w tf_rel\">\n\t\t\t<div  data-lazy=\"1\" class=\"module_column tb-column col-full first tb_jkgx002 tf_box\">\n\t\t\t    \t        <div class=\"tb-column-inner tf_box tf_w\">\n\t\t    <!-- module text -->\n<div  class=\"module module-text tb_9iiw271   \" data-lazy=\"1\">\n        <div  class=\"tb_text_wrap\">\n    <h1>We are solid team<\/h1><p>Temporibus autem quibusdam et aut officiis debitis aut rerum necessitatibus saepe eveniet ut et voluptates repudiandae sint et molestiae non recusandae. Itaque earum rerum hic tenetur a delectus, ut aut reiciendis voluptatibus alias aut doloribus asperiores repellat.<\/p>    <\/div>\n<\/div>\n<!-- \/module text -->\t        <\/div>\n\t    \t<\/div>\n\t\t    <\/div>\n\t    <!-- \/row_inner -->\n\t<\/div>\n\t<!-- \/module_row -->\n\t\t<!-- module_row -->\n\t<div  data-lazy=\"1\" class=\"module_row themify_builder_row tb_bas0210 tf_clearfix hide-desktop hide-tablet hide-tablet_landscape hide-mobile\" >\n\t    \t\t<div class=\"row_inner col_align_top col-count-1 tf_box tf_w tf_rel\">\n\t\t\t<div  data-lazy=\"1\" class=\"module_column tb-column col-full first tb_gg5h200 tf_box\">\n\t\t\t    \t        <div class=\"tb-column-inner tf_box tf_w\">\n\t\t    <!-- module text -->\n<div  class=\"module module-text tb_wm91702   \" data-lazy=\"1\">\n        <div  class=\"tb_text_wrap\">\n    <h1>Visit Our HQ<\/h1><p>Molestias excepturi sint occaecati cupiditate non provident, similique sunt in culpa qui officia deserunt mollitia animi, id est laborum et dolorum fuga. Et harum quidem rerum facilis est et expedita distinctio. Nam libero tempore, cum soluta nobis est eligendi optio cumque nihil impedit quo minus id quod maxime placeat facere possimus, omnis voluptas assumenda est, omnis dolor repellendus.<\/p>    <\/div>\n<\/div>\n<!-- \/module text -->\t        <\/div>\n\t    \t<\/div>\n\t\t    <\/div>\n\t    <!-- \/row_inner -->\n\t<\/div>\n\t<!-- \/module_row -->\n\t\t<!-- module_row -->\n\t<div  data-lazy=\"1\" class=\"module_row themify_builder_row tb_ytkp721 tf_clearfix hide-desktop hide-tablet hide-tablet_landscape hide-mobile\" >\n\t    \t\t<div class=\"row_inner col_align_bottom col-count-2 tf_box tf_w tf_rel\">\n\t\t\t<div  data-lazy=\"1\" class=\"module_column tb-column col4-2 first tb_tofu810 tf_box\">\n\t\t\t    \t        <div class=\"tb-column-inner tf_box tf_w\">\n\t\t    <!-- module image -->\n<div  class=\"module module-image tb_imi2911   image-overlay tf_mw\" data-lazy=\"1\">\n        <div class=\"image-wrap tf_rel tf_mw\">\n\t\t    <img loading=\"lazy\" decoding=\"async\" src=\"https:\/\/themify.me\/demo\/themes\/shoppe-black\/files\/2016\/12\/women-working-600x400.jpg\" width=\"600\" height=\"400\" title=\"Est\u00fadio Fundo Infinito\" alt=\"Est\u00fadio Fundo Infinito\">\t\n\t\n    \t\t\t<\/div>\n\t\t<!-- \/image-wrap -->\n\t<\/div>\n<!-- \/module image -->\t        <\/div>\n\t    \t<\/div>\n\t\t<div  data-lazy=\"1\" class=\"module_column tb-column col4-2 last tb_iiyb007 tf_box\">\n\t\t\t    \t        <div class=\"tb-column-inner tf_box tf_w\">\n\t\t    <!-- module image -->\n<div  class=\"module module-image tb_wv7u200   image-overlay tf_mw\" data-lazy=\"1\">\n        <div class=\"image-wrap tf_rel tf_mw\">\n\t\t    <img loading=\"lazy\" decoding=\"async\" src=\"https:\/\/themify.me\/demo\/themes\/shoppe-black\/files\/2016\/12\/cozy-office-1.jpg\" width=\"600\" height=\"400\" title=\"Est\u00fadio Fundo Infinito\" alt=\"Est\u00fadio Fundo Infinito\">\t\n\t\n    \t\t\t<\/div>\n\t\t<!-- \/image-wrap -->\n\t<\/div>\n<!-- \/module image -->\t        <\/div>\n\t    \t<\/div>\n\t\t    <\/div>\n\t    <!-- \/row_inner -->\n\t<\/div>\n\t<!-- \/module_row -->\n\t\t<!-- module_row -->\n\t<div  data-anchor=\"contato\" data-lazy=\"1\" class=\"module_row themify_builder_row tb_has_section tb_section-contato tb_sfuv469 tf_clearfix hide-desktop hide-tablet_landscape\" >\n\t    \t\t<div class=\"row_inner col_align_middle gutter-none col-count-1 tf_box tf_w tf_rel\">\n\t\t\t<div  data-lazy=\"1\" class=\"module_column tb-column col-full first tb_7zez469 tf_box\">\n\t\t\t    \t        <div class=\"tb-column-inner tf_box tf_w\">\n\t\t    <!-- module text -->\n<div  class=\"module module-text tb_lqhp470   \" data-lazy=\"1\">\n        <div  class=\"tb_text_wrap\">\n    <h3>N\u00e3o encontrou o que procurava?<\/h3>    <\/div>\n<\/div>\n<!-- \/module text --><!-- module text -->\n<div  class=\"module module-text tb_0omg470   \" data-lazy=\"1\">\n        <div  class=\"tb_text_wrap\">\n    <p>renato@zeronoveestudio.com<\/p>    <\/div>\n<\/div>\n<!-- \/module text --><!-- module divider -->\n<div  class=\"module tf_mw module-divider tb_y2zm470 solid   \" style=\"border-width: 1px;border-color: #ffffff;\" data-lazy=\"1\">\n    <\/div>\n<!-- \/module divider -->\n<!-- module buttons -->\n<div  class=\"module module-buttons tb_oa9u470 buttons-horizontal outline \" data-lazy=\"1\">\n    \t<div class=\"module-buttons-item tf_inline_b\">\n\t\t\t\t\t\t\t<a href=\"https:\/\/api.whatsapp.com\/send?phone=5531994322096\" class=\"ui builder_button green\" >\n\t\t\t\t\t\t\t\t\t\t\t\t<em class=\"tf_inline_b tf_vmiddle\"><svg  aria-hidden=\"true\" class=\"tf_fa tf-fab-whatsapp\"><use href=\"#tf-fab-whatsapp\"><\/use><\/svg><\/em>\t\t\t\t\t\t\t\t<span class=\"tf_inline_b tf_vmiddle\">Nos chame no WhatsApp<\/span>\n\t\t\t\t\t\t\t\t\t\t\t<\/a>\n\t\t\t    \t<\/div>\n\t<\/div>\n<!-- \/module buttons -->\n<!-- module divider -->\n<div  class=\"module tf_mw module-divider tb_cvtv470 solid   \" style=\"border-width: 1px;border-color: #ffffff;\" data-lazy=\"1\">\n    <\/div>\n<!-- \/module divider -->\n<!-- module text -->\n<div  class=\"module module-text tb_qjsi470   \" data-lazy=\"1\">\n        <div  class=\"tb_text_wrap\">\n    <p><br>Entre em contato pelo e-mail ou WhatsApp e tire suas d\u00favidas, responderemos o mais r\u00e1pido poss\u00edvel.<\/p>    <\/div>\n<\/div>\n<!-- \/module text -->\t        <\/div>\n\t    \t<\/div>\n\t\t    <\/div>\n\t    <!-- \/row_inner -->\n\t<\/div>\n\t<!-- \/module_row -->\n\t<\/div>\n<!--\/themify_builder_content-->","protected":false},"excerpt":{"rendered":"<p>Est\u00fadio Fundo Infinito Alugue Est\u00fadio de Fundo Infinito em Belo Horizonte! Se voc\u00ea est\u00e1 em busca de alugar um espa\u00e7o que ofere\u00e7a um fundo infinito para suas fotos e v\u00eddeos em BH, o Est\u00fadio Zero \u00e9 o lugar perfeito para voc\u00ea. Aqui, voc\u00ea encontrar\u00e1 uma estrutura completa, com 27 m\u00b2, equipamentos de ilumina\u00e7\u00e3o, camarim, banheiro [&hellip;]<\/p>\n","protected":false},"author":1,"featured_media":0,"parent":0,"menu_order":0,"comment_status":"closed","ping_status":"closed","template":"","meta":{"footnotes":""},"class_list":["post-975","page","type-page","status-publish","hentry","has-post-title","has-post-date","has-post-category","has-post-tag","has-post-comment","has-post-author",""],"_links":{"self":[{"href":"https:\/\/zeronoveestudio.com\/index.php\/wp-json\/wp\/v2\/pages\/975","targetHints":{"allow":["GET"]}}],"collection":[{"href":"https:\/\/zeronoveestudio.com\/index.php\/wp-json\/wp\/v2\/pages"}],"about":[{"href":"https:\/\/zeronoveestudio.com\/index.php\/wp-json\/wp\/v2\/types\/page"}],"author":[{"embeddable":true,"href":"https:\/\/zeronoveestudio.com\/index.php\/wp-json\/wp\/v2\/users\/1"}],"replies":[{"embeddable":true,"href":"https:\/\/zeronoveestudio.com\/index.php\/wp-json\/wp\/v2\/comments?post=975"}],"version-history":[{"count":29,"href":"https:\/\/zeronoveestudio.com\/index.php\/wp-json\/wp\/v2\/pages\/975\/revisions"}],"predecessor-version":[{"id":1813,"href":"https:\/\/zeronoveestudio.com\/index.php\/wp-json\/wp\/v2\/pages\/975\/revisions\/1813"}],"wp:attachment":[{"href":"https:\/\/zeronoveestudio.com\/index.php\/wp-json\/wp\/v2\/media?parent=975"}],"curies":[{"name":"wp","href":"https:\/\/api.w.org\/{rel}","templated":true}]}}