{"id":1087,"date":"2022-06-07T15:20:17","date_gmt":"2022-06-07T18:20:17","guid":{"rendered":"http:\/\/zeronoveestudio.com\/?page_id=1087"},"modified":"2026-01-08T08:33:08","modified_gmt":"2026-01-08T11:33:08","slug":"estudiopodcast-aluguel-estudio","status":"publish","type":"page","link":"https:\/\/zeronoveestudio.com\/index.php\/estudiopodcast-aluguel-estudio\/","title":{"rendered":"Est\u00fadio Podcast"},"content":{"rendered":"<!--themify_builder_content-->\n<div id=\"themify_builder_content-1087\" data-postid=\"1087\" class=\"themify_builder_content themify_builder_content-1087 themify_builder tf_clear\">\n    \t<!-- module_row -->\n\t<div  data-lazy=\"1\" class=\"module_row themify_builder_row fullcover tb_3u4g802 tb_first tf_clearfix\" >\n\t    <div class=\"tf_abs builder_row_cover\"><\/div>\t\t<div class=\"row_inner col_align_middle gutter-none col-count-1 tf_box tf_w tf_rel\">\n\t\t\t<div  data-lazy=\"1\" class=\"module_column tb-column col-full first tb_7wbj803 tf_box\">\n\t\t\t    \t        <div class=\"tb-column-inner tf_box tf_w\">\n\t\t    <!-- module text -->\n<div  class=\"module module-text tb_pugf803   \" data-lazy=\"1\">\n        <div  class=\"tb_text_wrap\">\n    <h1>Est\u00fadio de Podcast<\/h1>    <\/div>\n<\/div>\n<!-- \/module text -->\t        <\/div>\n\t    \t<\/div>\n\t\t    <\/div>\n\t    <!-- \/row_inner -->\n\t<\/div>\n\t<!-- \/module_row -->\n\t\t<!-- module_row -->\n\t<div  data-lazy=\"1\" class=\"module_row themify_builder_row tb_e3cg802 tf_clearfix\" >\n\t    \t\t<div class=\"row_inner col_align_top col-count-1 tf_box tf_w tf_rel\">\n\t\t\t<div  data-lazy=\"1\" class=\"module_column tb-column col-full first tb_w0fb804 tf_box\">\n\t\t\t    \t        <div class=\"tb-column-inner tf_box tf_w\">\n\t\t    <!-- module text -->\n<div  class=\"module module-text tb_fas4804   \" data-lazy=\"1\">\n        <div  class=\"tb_text_wrap\">\n    <p>Alugue nosso Est\u00fadio de Podcast Profissional em Belo Horizonte e Transforme seu Sonho em Realidade!<\/p>\n<p>Bem-vindo ao nosso est\u00fadio de podcast de \u00faltima gera\u00e7\u00e3o, onde oferecemos um espa\u00e7o completo e equipado para voc\u00ea gravar seu pr\u00f3prio podcast. Se voc\u00ea est\u00e1 ansioso para iniciar sua jornada no mundo dos podcasts, n\u00f3s temos tudo o que voc\u00ea precisa!<\/p>\n<p>Com uma \u00e1rea espa\u00e7osa de 20 m\u00b2, nosso est\u00fadio \u00e9 projetado para acomodar at\u00e9 4 participantes confortavelmente. Independentemente de voc\u00ea gravar em v\u00eddeo ou somente \u00e1udio, garantimos que nosso est\u00fadio proporcionar\u00e1 a atmosfera ideal para suas grava\u00e7\u00f5es.<\/p>\n<p>Por que escolher nosso est\u00fadio de podcast?<\/p>\n<ol>\n<li>\n<p>Equipamento de alta qualidade: Nosso est\u00fadio \u00e9 equipado com os melhores dispositivos de grava\u00e7\u00e3o, incluindo microfones profissionais, mixers de \u00e1udio e sistemas de ilumina\u00e7\u00e3o, garantindo que sua produ\u00e7\u00e3o tenha um som impec\u00e1vel e uma apar\u00eancia profissional.<\/p>\n<\/li>\n<li>\n<p>Cen\u00e1rio personaliz\u00e1vel: Oferecemos um cen\u00e1rio vers\u00e1til que pode ser adaptado de acordo com o tema e estilo do seu podcast. Seja para entrevistas, debates ou programas tem\u00e1ticos, o ambiente pode ser personalizado para atender \u00e0s suas necessidades.<\/p>\n<\/li>\n<li>\n<p>Ambiente confort\u00e1vel: Sabemos como \u00e9 importante se sentir \u00e0 vontade durante as grava\u00e7\u00f5es. Nosso est\u00fadio proporciona um ambiente acolhedor e descontra\u00eddo, para que voc\u00ea e seus convidados se sintam relaxados e possam se concentrar totalmente no conte\u00fado do seu podcast.<\/p>\n<\/li>\n<\/ol>\n<p>Al\u00e9m disso, estamos convenientemente localizados no cora\u00e7\u00e3o de Belo Horizonte, com f\u00e1cil acesso a estacionamento e transporte p\u00fablico.<\/p>\n<p>Aqui no nosso est\u00fadio de podcast, acreditamos que seu sonho de ter um podcast pode se tornar realidade. Portanto, entre em contato conosco hoje mesmo para reservar seu espa\u00e7o e dar o primeiro passo nessa emocionante jornada. Junte-se \u00e0 comunidade de podcasters de sucesso e compartilhe sua voz com o mundo!<\/p>    <\/div>\n<\/div>\n<!-- \/module text -->\t        <\/div>\n\t    \t<\/div>\n\t\t    <\/div>\n\t    <!-- \/row_inner -->\n\t<\/div>\n\t<!-- \/module_row -->\n\t\t<!-- module_row -->\n\t<div  data-lazy=\"1\" class=\"module_row themify_builder_row tb_td0v802 tf_clearfix\" >\n\t    \t\t<div class=\"row_inner col_align_top col-count-1 tf_box tf_w tf_rel\">\n\t\t\t<div  data-lazy=\"1\" class=\"module_column tb-column col-full first tb_z000805 tf_box\">\n\t\t\t    \t        <div class=\"tb-column-inner tf_box tf_w\">\n\t\t    \t<div  data-lazy=\"1\" class=\"module_subrow themify_builder_sub_row tb_xx42805 tf_w tf_clearfix\">\n\t    \t\t<div class=\"subrow_inner col_align_top gutter-narrow col-count-1 tf_box tf_w\">\n\t\t\t<div  data-lazy=\"1\" class=\"sub_column module_column tf_box col-full first tb_bopl806\"> \n\t    \t    \t        <div class=\"tb-column-inner tf_box tf_w\">\n\t\t    <!-- module image -->\n<div  class=\"module module-image tb_2v62806   image-overlay tf_mw\" data-lazy=\"1\">\n        <div class=\"image-wrap tf_rel tf_mw\">\n\t\t    <img decoding=\"async\" src=\"http:\/\/zeronoveestudio.com\/wp-content\/uploads\/2022\/06\/podcast.jpg\" width=\"600\" title=\"Est\u00fadio Podcast\" alt=\"Est\u00fadio Podcast\">\t\n\t\n    \t\t\t<\/div>\n\t\t<!-- \/image-wrap -->\n\t<\/div>\n<!-- \/module image -->\t        <\/div>\n\t    \t<\/div>\n\t\t    <\/div>\n\t<\/div><!-- \/themify_builder_sub_row -->\n\t\t        <\/div>\n\t    \t<\/div>\n\t\t    <\/div>\n\t    <!-- \/row_inner -->\n\t<\/div>\n\t<!-- \/module_row -->\n\t\t<!-- module_row -->\n\t<div  data-anchor=\"contato\" data-lazy=\"1\" class=\"module_row themify_builder_row tb_has_section tb_section-contato tb_odny802 tf_clearfix hide-tablet hide-mobile\" >\n\t    \t\t<div class=\"row_inner col_align_middle gutter-none col-count-2 tf_box tf_w tf_rel\">\n\t\t\t<div  data-lazy=\"1\" style=\"width: 56.12%\" class=\"module_column tb-column col2-1 first tb_4wnm808 tf_box\">\n\t\t\t    \t        <div class=\"tb-column-inner tf_box tf_w\">\n\t\t    <!-- module text -->\n<div  class=\"module module-text tb_5kwm808   \" data-lazy=\"1\">\n        <div  class=\"tb_text_wrap\">\n    <h3>Agende um hor\u00e1rio conosco,<\/h3>\n<h3>entre em contato agora mesmo.<\/h3>    <\/div>\n<\/div>\n<!-- \/module text -->\t        <\/div>\n\t    \t<\/div>\n\t\t<div  data-lazy=\"1\" style=\"width: 43.88%\" class=\"module_column tb-column col2-1 last tb_byj2808 tf_box\">\n\t\t\t    \t        <div class=\"tb-column-inner tf_box tf_w\">\n\t\t    <!-- module text -->\n<div  class=\"module module-text tb_2w4y808   \" data-lazy=\"1\">\n        <div  class=\"tb_text_wrap\">\n    <p>contato@zeronoveestudio.com<\/p>    <\/div>\n<\/div>\n<!-- \/module text --><!-- module divider -->\n<div  class=\"module tf_mw module-divider tb_x037808 solid   \" style=\"border-width: 1px;border-color: #ffffff;\" data-lazy=\"1\">\n    <\/div>\n<!-- \/module divider -->\n<!-- module buttons -->\n<div  class=\"module module-buttons tb_v172808 buttons-horizontal outline \" data-lazy=\"1\">\n    \t<div class=\"module-buttons-item tf_inline_b\">\n\t\t\t\t\t\t\t<a href=\"https:\/\/wa.me\/5531999090975?text=Ol%C3%A1!%20%20Estava%20navegando%20no%20site%20e%20gostaria%20de%20informa%C3%A7%C3%B5es%20sobre%20os%20servi%C3%A7os%20da%20Zero%20Nove%20Est%C3%BAdio\" class=\"ui builder_button green\" >\n\t\t\t\t\t\t\t\t\t\t\t\t<em class=\"tf_inline_b tf_vmiddle\"><svg  aria-hidden=\"true\" class=\"tf_fa tf-fab-whatsapp\"><use href=\"#tf-fab-whatsapp\"><\/use><\/svg><\/em>\t\t\t\t\t\t\t\t<span class=\"tf_inline_b tf_vmiddle\">Nos chame no WhatsApp<\/span>\n\t\t\t\t\t\t\t\t\t\t\t<\/a>\n\t\t\t    \t<\/div>\n\t<\/div>\n<!-- \/module buttons -->\n<!-- module divider -->\n<div  class=\"module tf_mw module-divider tb_mgr0808 solid   \" style=\"border-width: 1px;border-color: #ffffff;\" data-lazy=\"1\">\n    <\/div>\n<!-- \/module divider -->\n<!-- module text -->\n<div  class=\"module module-text tb_2l9x809   \" data-lazy=\"1\">\n        <div  class=\"tb_text_wrap\">\n    <p><br>Entre em contato pelo e-mail ou WhatsApp e tire suas d\u00favidas, responderemos o mais r\u00e1pido poss\u00edvel.<\/p>    <\/div>\n<\/div>\n<!-- \/module text -->\t        <\/div>\n\t    \t<\/div>\n\t\t    <\/div>\n\t    <!-- \/row_inner -->\n\t<\/div>\n\t<!-- \/module_row -->\n\t\t<!-- module_row -->\n\t<div  data-lazy=\"1\" class=\"module_row themify_builder_row builder-parallax-scrolling tb_blg3802 tf_clearfix hide-desktop hide-tablet hide-tablet_landscape hide-mobile\" >\n\t    <div class=\"tf_abs builder_row_cover\"><\/div>\t\t<div class=\"row_inner col_align_top col-count-1 tf_box tf_w tf_rel\">\n\t\t\t<div  data-lazy=\"1\" class=\"module_column tb-column col-full first tb_8tlf809 tf_box\">\n\t\t\t    \t        <div class=\"tb-column-inner tf_box tf_w\">\n\t\t    <!-- module text -->\n<div  class=\"module module-text tb_99gy809   \" data-lazy=\"1\">\n        <div  class=\"tb_text_wrap\">\n    <h1>We are solid team<\/h1><p>Temporibus autem quibusdam et aut officiis debitis aut rerum necessitatibus saepe eveniet ut et voluptates repudiandae sint et molestiae non recusandae. Itaque earum rerum hic tenetur a delectus, ut aut reiciendis voluptatibus alias aut doloribus asperiores repellat.<\/p>    <\/div>\n<\/div>\n<!-- \/module text -->\t        <\/div>\n\t    \t<\/div>\n\t\t    <\/div>\n\t    <!-- \/row_inner -->\n\t<\/div>\n\t<!-- \/module_row -->\n\t\t<!-- module_row -->\n\t<div  data-lazy=\"1\" class=\"module_row themify_builder_row tb_tn0s802 tf_clearfix hide-desktop hide-tablet hide-tablet_landscape hide-mobile\" >\n\t    \t\t<div class=\"row_inner col_align_top col-count-1 tf_box tf_w tf_rel\">\n\t\t\t<div  data-lazy=\"1\" class=\"module_column tb-column col-full first tb_nksx809 tf_box\">\n\t\t\t    \t        <div class=\"tb-column-inner tf_box tf_w\">\n\t\t    <!-- module text -->\n<div  class=\"module module-text tb_1vfu810   \" data-lazy=\"1\">\n        <div  class=\"tb_text_wrap\">\n    <h1>Visit Our HQ<\/h1><p>Molestias excepturi sint occaecati cupiditate non provident, similique sunt in culpa qui officia deserunt mollitia animi, id est laborum et dolorum fuga. Et harum quidem rerum facilis est et expedita distinctio. Nam libero tempore, cum soluta nobis est eligendi optio cumque nihil impedit quo minus id quod maxime placeat facere possimus, omnis voluptas assumenda est, omnis dolor repellendus.<\/p>    <\/div>\n<\/div>\n<!-- \/module text -->\t        <\/div>\n\t    \t<\/div>\n\t\t    <\/div>\n\t    <!-- \/row_inner -->\n\t<\/div>\n\t<!-- \/module_row -->\n\t\t<!-- module_row -->\n\t<div  data-lazy=\"1\" class=\"module_row themify_builder_row tb_u0pg802 tf_clearfix hide-desktop hide-tablet hide-tablet_landscape hide-mobile\" >\n\t    \t\t<div class=\"row_inner col_align_bottom col-count-2 tf_box tf_w tf_rel\">\n\t\t\t<div  data-lazy=\"1\" class=\"module_column tb-column col4-2 first tb_16uh810 tf_box\">\n\t\t\t    \t        <div class=\"tb-column-inner tf_box tf_w\">\n\t\t    <!-- module image -->\n<div  class=\"module module-image tb_k2jf810   image-overlay tf_mw\" data-lazy=\"1\">\n        <div class=\"image-wrap tf_rel tf_mw\">\n\t\t    <img fetchpriority=\"high\" decoding=\"async\" src=\"https:\/\/themify.me\/demo\/themes\/shoppe-black\/files\/2016\/12\/women-working-600x400.jpg\" width=\"600\" height=\"400\" title=\"Est\u00fadio Podcast\" alt=\"Est\u00fadio Podcast\">\t\n\t\n    \t\t\t<\/div>\n\t\t<!-- \/image-wrap -->\n\t<\/div>\n<!-- \/module image -->\t        <\/div>\n\t    \t<\/div>\n\t\t<div  data-lazy=\"1\" class=\"module_column tb-column col4-2 last tb_klp6810 tf_box\">\n\t\t\t    \t        <div class=\"tb-column-inner tf_box tf_w\">\n\t\t    <!-- module image -->\n<div  class=\"module module-image tb_hy5b810   image-overlay tf_mw\" data-lazy=\"1\">\n        <div class=\"image-wrap tf_rel tf_mw\">\n\t\t    <img decoding=\"async\" src=\"https:\/\/themify.me\/demo\/themes\/shoppe-black\/files\/2016\/12\/cozy-office-1.jpg\" width=\"600\" height=\"400\" title=\"Est\u00fadio Podcast\" alt=\"Est\u00fadio Podcast\">\t\n\t\n    \t\t\t<\/div>\n\t\t<!-- \/image-wrap -->\n\t<\/div>\n<!-- \/module image -->\t        <\/div>\n\t    \t<\/div>\n\t\t    <\/div>\n\t    <!-- \/row_inner -->\n\t<\/div>\n\t<!-- \/module_row -->\n\t\t<!-- module_row -->\n\t<div  data-anchor=\"contato\" data-lazy=\"1\" class=\"module_row themify_builder_row tb_has_section tb_section-contato tb_wqv7739 tf_clearfix hide-desktop hide-tablet_landscape\" >\n\t    \t\t<div class=\"row_inner col_align_middle gutter-none col-count-1 tf_box tf_w tf_rel\">\n\t\t\t<div  data-lazy=\"1\" class=\"module_column tb-column col-full first tb_au5g740 tf_box\">\n\t\t\t    \t        <div class=\"tb-column-inner tf_box tf_w\">\n\t\t    <!-- module text -->\n<div  class=\"module module-text tb_gz1g740   \" data-lazy=\"1\">\n        <div  class=\"tb_text_wrap\">\n    <h3>N\u00e3o encontrou o que procurava?<\/h3>    <\/div>\n<\/div>\n<!-- \/module text --><!-- module text -->\n<div  class=\"module module-text tb_n187740   \" data-lazy=\"1\">\n        <div  class=\"tb_text_wrap\">\n    <p>renato@zeronoveestudio.com<\/p>    <\/div>\n<\/div>\n<!-- \/module text --><!-- module divider -->\n<div  class=\"module tf_mw module-divider tb_soaj740 solid   \" style=\"border-width: 1px;border-color: #ffffff;\" data-lazy=\"1\">\n    <\/div>\n<!-- \/module divider -->\n<!-- module buttons -->\n<div  class=\"module module-buttons tb_flu6740 buttons-horizontal outline \" data-lazy=\"1\">\n    \t<div class=\"module-buttons-item tf_inline_b\">\n\t\t\t\t\t\t\t<a href=\"https:\/\/api.whatsapp.com\/send?phone=5531993296925\" class=\"ui builder_button green\" >\n\t\t\t\t\t\t\t\t\t\t\t\t<em class=\"tf_inline_b tf_vmiddle\"><svg  aria-hidden=\"true\" class=\"tf_fa tf-fab-whatsapp\"><use href=\"#tf-fab-whatsapp\"><\/use><\/svg><\/em>\t\t\t\t\t\t\t\t<span class=\"tf_inline_b tf_vmiddle\">Nos chame no WhatsApp<\/span>\n\t\t\t\t\t\t\t\t\t\t\t<\/a>\n\t\t\t    \t<\/div>\n\t<\/div>\n<!-- \/module buttons -->\n<!-- module divider -->\n<div  class=\"module tf_mw module-divider tb_uw8l740 solid   \" style=\"border-width: 1px;border-color: #ffffff;\" data-lazy=\"1\">\n    <\/div>\n<!-- \/module divider -->\n<!-- module text -->\n<div  class=\"module module-text tb_x59w740   \" data-lazy=\"1\">\n        <div  class=\"tb_text_wrap\">\n    <p><br>Entre em contato pelo e-mail ou WhatsApp e tire suas d\u00favidas, responderemos o mais r\u00e1pido poss\u00edvel.<\/p>    <\/div>\n<\/div>\n<!-- \/module text -->\t        <\/div>\n\t    \t<\/div>\n\t\t    <\/div>\n\t    <!-- \/row_inner -->\n\t<\/div>\n\t<!-- \/module_row -->\n\t<\/div>\n<!--\/themify_builder_content-->","protected":false},"excerpt":{"rendered":"<p>Est\u00fadio de Podcast Alugue nosso Est\u00fadio de Podcast Profissional em Belo Horizonte e Transforme seu Sonho em Realidade! Bem-vindo ao nosso est\u00fadio de podcast de \u00faltima gera\u00e7\u00e3o, onde oferecemos um espa\u00e7o completo e equipado para voc\u00ea gravar seu pr\u00f3prio podcast. Se voc\u00ea est\u00e1 ansioso para iniciar sua jornada no mundo dos podcasts, n\u00f3s temos tudo [&hellip;]<\/p>\n","protected":false},"author":1,"featured_media":0,"parent":0,"menu_order":0,"comment_status":"closed","ping_status":"closed","template":"","meta":{"footnotes":""},"class_list":["post-1087","page","type-page","status-publish","hentry","has-post-title","has-post-date","has-post-category","has-post-tag","has-post-comment","has-post-author",""],"_links":{"self":[{"href":"https:\/\/zeronoveestudio.com\/index.php\/wp-json\/wp\/v2\/pages\/1087","targetHints":{"allow":["GET"]}}],"collection":[{"href":"https:\/\/zeronoveestudio.com\/index.php\/wp-json\/wp\/v2\/pages"}],"about":[{"href":"https:\/\/zeronoveestudio.com\/index.php\/wp-json\/wp\/v2\/types\/page"}],"author":[{"embeddable":true,"href":"https:\/\/zeronoveestudio.com\/index.php\/wp-json\/wp\/v2\/users\/1"}],"replies":[{"embeddable":true,"href":"https:\/\/zeronoveestudio.com\/index.php\/wp-json\/wp\/v2\/comments?post=1087"}],"version-history":[{"count":18,"href":"https:\/\/zeronoveestudio.com\/index.php\/wp-json\/wp\/v2\/pages\/1087\/revisions"}],"predecessor-version":[{"id":1814,"href":"https:\/\/zeronoveestudio.com\/index.php\/wp-json\/wp\/v2\/pages\/1087\/revisions\/1814"}],"wp:attachment":[{"href":"https:\/\/zeronoveestudio.com\/index.php\/wp-json\/wp\/v2\/media?parent=1087"}],"curies":[{"name":"wp","href":"https:\/\/api.w.org\/{rel}","templated":true}]}}