{"id":1085,"date":"2022-06-07T15:19:11","date_gmt":"2022-06-07T18:19:11","guid":{"rendered":"http:\/\/zeronoveestudio.com\/?page_id=1085"},"modified":"2026-01-08T08:31:48","modified_gmt":"2026-01-08T11:31:48","slug":"alugue-estudio-chromakey","status":"publish","type":"page","link":"https:\/\/zeronoveestudio.com\/index.php\/alugue-estudio-chromakey\/","title":{"rendered":"Est\u00fadio Chroma Key"},"content":{"rendered":"<!--themify_builder_content-->\n<div id=\"themify_builder_content-1085\" data-postid=\"1085\" class=\"themify_builder_content themify_builder_content-1085 themify_builder tf_clear\">\n    \t<!-- module_row -->\n\t<div  data-lazy=\"1\" class=\"module_row themify_builder_row fullcover tb_gwdd760 tb_first tf_clearfix\" >\n\t    <div class=\"tf_abs builder_row_cover\"><\/div>\t\t<div class=\"row_inner col_align_middle gutter-none col-count-1 tf_box tf_w tf_rel\">\n\t\t\t<div  data-lazy=\"1\" class=\"module_column tb-column col-full first tb_pgk4761 tf_box\">\n\t\t\t    \t        <div class=\"tb-column-inner tf_box tf_w\">\n\t\t    <!-- module text -->\n<div  class=\"module module-text tb_m762761   \" data-lazy=\"1\">\n        <div  class=\"tb_text_wrap\">\n    <h1>Est\u00fadio Chroma Key<\/h1>    <\/div>\n<\/div>\n<!-- \/module text -->\t        <\/div>\n\t    \t<\/div>\n\t\t    <\/div>\n\t    <!-- \/row_inner -->\n\t<\/div>\n\t<!-- \/module_row -->\n\t\t<!-- module_row -->\n\t<div  data-lazy=\"1\" class=\"module_row themify_builder_row tb_wcdf760 tf_clearfix\" >\n\t    \t\t<div class=\"row_inner col_align_top col-count-1 tf_box tf_w tf_rel\">\n\t\t\t<div  data-lazy=\"1\" class=\"module_column tb-column col-full first tb_ezup762 tf_box\">\n\t\t\t    \t        <div class=\"tb-column-inner tf_box tf_w\">\n\t\t    <!-- module text -->\n<div  class=\"module module-text tb_hl0g762   \" data-lazy=\"1\">\n        <div  class=\"tb_text_wrap\">\n    <p>Descubra o Potencial do Est\u00fadio Chroma Key em Belo Horizonte!<\/p>\n<p>Se voc\u00ea busca versatilidade e praticidade, o Est\u00fadio Nove \u00e9 o lugar perfeito para voc\u00ea. Com nossa parede de Chroma Key e ilumina\u00e7\u00e3o completa, as possibilidades s\u00e3o infinitas. Al\u00e9m disso, nossa estrutura ampla de 38 m\u00b2 proporciona espa\u00e7o suficiente para realizar in\u00fameros projetos criativos.<\/p>\n<p>Por que escolher nosso Est\u00fadio Chroma Key?<\/p>\n<ol>\n<li>\n<p>Parede de Chroma Key de alta qualidade: Nossa parede de Chroma Key \u00e9 perfeita para a cria\u00e7\u00e3o de efeitos especiais e sobreposi\u00e7\u00e3o de imagens. Com ela, voc\u00ea pode transportar seus projetos para qualquer lugar do mundo, dando uma apar\u00eancia profissional aos seus v\u00eddeos.<\/p>\n<\/li>\n<li>\n<p>Ilumina\u00e7\u00e3o completa: Al\u00e9m disso, contamos com um sistema de ilumina\u00e7\u00e3o profissional que garante a qualidade visual das suas produ\u00e7\u00f5es. Dessa forma, asseguramos que voc\u00ea ter\u00e1 uma ilumina\u00e7\u00e3o adequada para criar a atmosfera desejada e obter resultados incr\u00edveis.<\/p>\n<\/li>\n<li>\n<p>Espa\u00e7o amplo para sua criatividade: Com 38 m\u00b2 \u00e0 sua disposi\u00e7\u00e3o, voc\u00ea ter\u00e1 liberdade para realizar projetos de diferentes tamanhos. Seja para produ\u00e7\u00f5es individuais ou em grupo, nosso est\u00fadio proporciona o espa\u00e7o necess\u00e1rio para dar vida \u00e0s suas ideias.<\/p>\n<\/li>\n<\/ol>\n<p>Aqui no Est\u00fadio Nove, entendemos a import\u00e2ncia de oferecer uma experi\u00eancia completa para nossos clientes. Al\u00e9m do est\u00fadio Chroma Key, tamb\u00e9m disponibilizamos equipamentos de alta qualidade, incluindo c\u00e2meras, microfones e acess\u00f3rios adicionais. Dessa forma, garantimos que voc\u00ea tenha tudo o que precisa para criar conte\u00fado de excel\u00eancia.<\/p>\n<p>N\u00e3o perca a oportunidade de elevar o n\u00edvel das suas produ\u00e7\u00f5es. Portanto, entre em contato conosco hoje mesmo para reservar o Est\u00fadio Chroma Key e deixe sua criatividade fluir!<\/p>    <\/div>\n<\/div>\n<!-- \/module text -->\t        <\/div>\n\t    \t<\/div>\n\t\t    <\/div>\n\t    <!-- \/row_inner -->\n\t<\/div>\n\t<!-- \/module_row -->\n\t\t<!-- module_row -->\n\t<div  data-lazy=\"1\" class=\"module_row themify_builder_row tb_vras760 tf_clearfix\" >\n\t    \t\t<div class=\"row_inner col_align_top col-count-1 tf_box tf_w tf_rel\">\n\t\t\t<div  data-lazy=\"1\" class=\"module_column tb-column col-full first tb_8aqd762 tf_box\">\n\t\t\t    \t        <div class=\"tb-column-inner tf_box tf_w\">\n\t\t    \t<div  data-lazy=\"1\" class=\"module_subrow themify_builder_sub_row tb_y5ro763 tf_w tf_clearfix\">\n\t    \t\t<div class=\"subrow_inner col_align_top gutter-narrow col-count-2 tf_box tf_w\">\n\t\t\t<div  data-lazy=\"1\" class=\"sub_column module_column tf_box col4-2 first tb_qwuk763\"> \n\t    \t    \t        <div class=\"tb-column-inner tf_box tf_w\">\n\t\t    <!-- module image -->\n<div  class=\"module module-image tb_xf4l763   image-overlay tf_mw\" data-lazy=\"1\">\n        <div class=\"image-wrap tf_rel tf_mw\">\n\t\t    <img fetchpriority=\"high\" decoding=\"async\" src=\"http:\/\/zeronoveestudio.com\/wp-content\/uploads\/2022\/06\/ESTUDIO_NOVE.jpg\" width=\"600\" height=\"906\" title=\"Est\u00fadio Chroma Key\" alt=\"Est\u00fadio Chroma Key\">\t\n\t\n    \t\t\t<\/div>\n\t\t<!-- \/image-wrap -->\n\t<\/div>\n<!-- \/module image -->\t        <\/div>\n\t    \t<\/div>\n\t\t<div  data-lazy=\"1\" class=\"sub_column module_column tf_box col4-2 last tb_7u5s763\"> \n\t    \t    \t        <div class=\"tb-column-inner tf_box tf_w\">\n\t\t    <!-- module image -->\n<div  class=\"module module-image tb_i8sa764   image-overlay tf_mw\" data-lazy=\"1\">\n        <div class=\"image-wrap tf_rel tf_mw\">\n\t\t    <img decoding=\"async\" src=\"http:\/\/zeronoveestudio.com\/wp-content\/uploads\/2022\/06\/camarim.jpg\" width=\"600\" title=\"Est\u00fadio Chroma Key\" alt=\"Est\u00fadio Chroma Key\">\t\n\t\n    \t\t\t<\/div>\n\t\t<!-- \/image-wrap -->\n\t<\/div>\n<!-- \/module image -->\t        <\/div>\n\t    \t<\/div>\n\t\t    <\/div>\n\t<\/div><!-- \/themify_builder_sub_row -->\n\t\t        <\/div>\n\t    \t<\/div>\n\t\t    <\/div>\n\t    <!-- \/row_inner -->\n\t<\/div>\n\t<!-- \/module_row -->\n\t\t<!-- module_row -->\n\t<div  data-anchor=\"contato\" data-lazy=\"1\" class=\"module_row themify_builder_row tb_has_section tb_section-contato tb_455w760 tf_clearfix hide-tablet hide-mobile\" >\n\t    \t\t<div class=\"row_inner col_align_middle gutter-none col-count-2 tf_box tf_w tf_rel\">\n\t\t\t<div  data-lazy=\"1\" style=\"width: 56.12%\" class=\"module_column tb-column col2-1 first tb_7tjf764 tf_box\">\n\t\t\t    \t        <div class=\"tb-column-inner tf_box tf_w\">\n\t\t    <!-- module text -->\n<div  class=\"module module-text tb_0hnl765   \" data-lazy=\"1\">\n        <div  class=\"tb_text_wrap\">\n    <h3>Agende um hor\u00e1rio conosco,<\/h3>\n<h3>entre em contato agora mesmo.<\/h3>    <\/div>\n<\/div>\n<!-- \/module text -->\t        <\/div>\n\t    \t<\/div>\n\t\t<div  data-lazy=\"1\" style=\"width: 43.88%\" class=\"module_column tb-column col2-1 last tb_iat9765 tf_box\">\n\t\t\t    \t        <div class=\"tb-column-inner tf_box tf_w\">\n\t\t    <!-- module text -->\n<div  class=\"module module-text tb_wte4765   \" data-lazy=\"1\">\n        <div  class=\"tb_text_wrap\">\n    <p>contato@zeronoveestudio.com<\/p>    <\/div>\n<\/div>\n<!-- \/module text --><!-- module divider -->\n<div  class=\"module tf_mw module-divider tb_x41q765 solid   \" style=\"border-width: 1px;border-color: #ffffff;\" data-lazy=\"1\">\n    <\/div>\n<!-- \/module divider -->\n<!-- module buttons -->\n<div  class=\"module module-buttons tb_v1by765 buttons-horizontal outline \" data-lazy=\"1\">\n    \t<div class=\"module-buttons-item tf_inline_b\">\n\t\t\t\t\t\t\t<a href=\"https:\/\/wa.me\/5531999090975?text=Ol%C3%A1!%20%20Estava%20navegando%20no%20site%20e%20gostaria%20de%20informa%C3%A7%C3%B5es%20sobre%20os%20servi%C3%A7os%20da%20Zero%20Nove%20Est%C3%BAdio\" class=\"ui builder_button green\" >\n\t\t\t\t\t\t\t\t\t\t\t\t<em class=\"tf_inline_b tf_vmiddle\"><svg  aria-hidden=\"true\" class=\"tf_fa tf-fab-whatsapp\"><use href=\"#tf-fab-whatsapp\"><\/use><\/svg><\/em>\t\t\t\t\t\t\t\t<span class=\"tf_inline_b tf_vmiddle\">Nos chame no WhatsApp<\/span>\n\t\t\t\t\t\t\t\t\t\t\t<\/a>\n\t\t\t    \t<\/div>\n\t<\/div>\n<!-- \/module buttons -->\n<!-- module divider -->\n<div  class=\"module tf_mw module-divider tb_re94765 solid   \" style=\"border-width: 1px;border-color: #ffffff;\" data-lazy=\"1\">\n    <\/div>\n<!-- \/module divider -->\n<!-- module text -->\n<div  class=\"module module-text tb_mlze765   \" data-lazy=\"1\">\n        <div  class=\"tb_text_wrap\">\n    <p><br>Entre em contato pelo e-mail ou WhatsApp e tire suas d\u00favidas, responderemos o mais r\u00e1pido poss\u00edvel.<\/p>    <\/div>\n<\/div>\n<!-- \/module text -->\t        <\/div>\n\t    \t<\/div>\n\t\t    <\/div>\n\t    <!-- \/row_inner -->\n\t<\/div>\n\t<!-- \/module_row -->\n\t\t<!-- module_row -->\n\t<div  data-lazy=\"1\" class=\"module_row themify_builder_row builder-parallax-scrolling tb_fo3j760 tf_clearfix hide-desktop hide-tablet hide-tablet_landscape hide-mobile\" >\n\t    <div class=\"tf_abs builder_row_cover\"><\/div>\t\t<div class=\"row_inner col_align_top col-count-1 tf_box tf_w tf_rel\">\n\t\t\t<div  data-lazy=\"1\" class=\"module_column tb-column col-full first tb_nst3766 tf_box\">\n\t\t\t    \t        <div class=\"tb-column-inner tf_box tf_w\">\n\t\t    <!-- module text -->\n<div  class=\"module module-text tb_pyzt766   \" data-lazy=\"1\">\n        <div  class=\"tb_text_wrap\">\n    <h1>We are solid team<\/h1><p>Temporibus autem quibusdam et aut officiis debitis aut rerum necessitatibus saepe eveniet ut et voluptates repudiandae sint et molestiae non recusandae. Itaque earum rerum hic tenetur a delectus, ut aut reiciendis voluptatibus alias aut doloribus asperiores repellat.<\/p>    <\/div>\n<\/div>\n<!-- \/module text -->\t        <\/div>\n\t    \t<\/div>\n\t\t    <\/div>\n\t    <!-- \/row_inner -->\n\t<\/div>\n\t<!-- \/module_row -->\n\t\t<!-- module_row -->\n\t<div  data-lazy=\"1\" class=\"module_row themify_builder_row tb_fmgq760 tf_clearfix hide-desktop hide-tablet hide-tablet_landscape hide-mobile\" >\n\t    \t\t<div class=\"row_inner col_align_top col-count-1 tf_box tf_w tf_rel\">\n\t\t\t<div  data-lazy=\"1\" class=\"module_column tb-column col-full first tb_k399766 tf_box\">\n\t\t\t    \t        <div class=\"tb-column-inner tf_box tf_w\">\n\t\t    <!-- module text -->\n<div  class=\"module module-text tb_zgv7766   \" data-lazy=\"1\">\n        <div  class=\"tb_text_wrap\">\n    <h1>Visit Our HQ<\/h1><p>Molestias excepturi sint occaecati cupiditate non provident, similique sunt in culpa qui officia deserunt mollitia animi, id est laborum et dolorum fuga. Et harum quidem rerum facilis est et expedita distinctio. Nam libero tempore, cum soluta nobis est eligendi optio cumque nihil impedit quo minus id quod maxime placeat facere possimus, omnis voluptas assumenda est, omnis dolor repellendus.<\/p>    <\/div>\n<\/div>\n<!-- \/module text -->\t        <\/div>\n\t    \t<\/div>\n\t\t    <\/div>\n\t    <!-- \/row_inner -->\n\t<\/div>\n\t<!-- \/module_row -->\n\t\t<!-- module_row -->\n\t<div  data-lazy=\"1\" class=\"module_row themify_builder_row tb_1ehl760 tf_clearfix hide-desktop hide-tablet hide-tablet_landscape hide-mobile\" >\n\t    \t\t<div class=\"row_inner col_align_bottom col-count-2 tf_box tf_w tf_rel\">\n\t\t\t<div  data-lazy=\"1\" class=\"module_column tb-column col4-2 first tb_cpkr766 tf_box\">\n\t\t\t    \t        <div class=\"tb-column-inner tf_box tf_w\">\n\t\t    <!-- module image -->\n<div  class=\"module module-image tb_wlzq766   image-overlay tf_mw\" data-lazy=\"1\">\n        <div class=\"image-wrap tf_rel tf_mw\">\n\t\t    <img decoding=\"async\" src=\"https:\/\/themify.me\/demo\/themes\/shoppe-black\/files\/2016\/12\/women-working-600x400.jpg\" width=\"600\" height=\"400\" title=\"Est\u00fadio Chroma Key\" alt=\"Est\u00fadio Chroma Key\">\t\n\t\n    \t\t\t<\/div>\n\t\t<!-- \/image-wrap -->\n\t<\/div>\n<!-- \/module image -->\t        <\/div>\n\t    \t<\/div>\n\t\t<div  data-lazy=\"1\" class=\"module_column tb-column col4-2 last tb_qqcg767 tf_box\">\n\t\t\t    \t        <div class=\"tb-column-inner tf_box tf_w\">\n\t\t    <!-- module image -->\n<div  class=\"module module-image tb_chgv767   image-overlay tf_mw\" data-lazy=\"1\">\n        <div class=\"image-wrap tf_rel tf_mw\">\n\t\t    <img decoding=\"async\" src=\"https:\/\/themify.me\/demo\/themes\/shoppe-black\/files\/2016\/12\/cozy-office-1.jpg\" width=\"600\" height=\"400\" title=\"Est\u00fadio Chroma Key\" alt=\"Est\u00fadio Chroma Key\">\t\n\t\n    \t\t\t<\/div>\n\t\t<!-- \/image-wrap -->\n\t<\/div>\n<!-- \/module image -->\t        <\/div>\n\t    \t<\/div>\n\t\t    <\/div>\n\t    <!-- \/row_inner -->\n\t<\/div>\n\t<!-- \/module_row -->\n\t\t<!-- module_row -->\n\t<div  data-anchor=\"contato\" data-lazy=\"1\" class=\"module_row themify_builder_row tb_has_section tb_section-contato tb_3za3628 tf_clearfix hide-desktop hide-tablet_landscape\" >\n\t    \t\t<div class=\"row_inner col_align_middle gutter-none col-count-1 tf_box tf_w tf_rel\">\n\t\t\t<div  data-lazy=\"1\" class=\"module_column tb-column col-full first tb_wn71628 tf_box\">\n\t\t\t    \t        <div class=\"tb-column-inner tf_box tf_w\">\n\t\t    <!-- module text -->\n<div  class=\"module module-text tb_gql2629   \" data-lazy=\"1\">\n        <div  class=\"tb_text_wrap\">\n    <h3>N\u00e3o encontrou o que procurava?<\/h3>    <\/div>\n<\/div>\n<!-- \/module text --><!-- module text -->\n<div  class=\"module module-text tb_hlak629   \" data-lazy=\"1\">\n        <div  class=\"tb_text_wrap\">\n    <p>renato@zeronoveestudio.com<\/p>    <\/div>\n<\/div>\n<!-- \/module text --><!-- module divider -->\n<div  class=\"module tf_mw module-divider tb_tvf6629 solid   \" style=\"border-width: 1px;border-color: #ffffff;\" data-lazy=\"1\">\n    <\/div>\n<!-- \/module divider -->\n<!-- module buttons -->\n<div  class=\"module module-buttons tb_vb5l629 buttons-horizontal outline \" data-lazy=\"1\">\n    \t<div class=\"module-buttons-item tf_inline_b\">\n\t\t\t\t\t\t\t<a href=\"https:\/\/api.whatsapp.com\/send?phone=5531994322096\" class=\"ui builder_button green\" >\n\t\t\t\t\t\t\t\t\t\t\t\t<em class=\"tf_inline_b tf_vmiddle\"><svg  aria-hidden=\"true\" class=\"tf_fa tf-fab-whatsapp\"><use href=\"#tf-fab-whatsapp\"><\/use><\/svg><\/em>\t\t\t\t\t\t\t\t<span class=\"tf_inline_b tf_vmiddle\">Nos chame no WhatsApp<\/span>\n\t\t\t\t\t\t\t\t\t\t\t<\/a>\n\t\t\t    \t<\/div>\n\t<\/div>\n<!-- \/module buttons -->\n<!-- module divider -->\n<div  class=\"module tf_mw module-divider tb_99g4629 solid   \" style=\"border-width: 1px;border-color: #ffffff;\" data-lazy=\"1\">\n    <\/div>\n<!-- \/module divider -->\n<!-- module text -->\n<div  class=\"module module-text tb_ieyn629   \" data-lazy=\"1\">\n        <div  class=\"tb_text_wrap\">\n    <p><br>Entre em contato pelo e-mail ou WhatsApp e tire suas d\u00favidas, responderemos o mais r\u00e1pido poss\u00edvel.<\/p>    <\/div>\n<\/div>\n<!-- \/module text -->\t        <\/div>\n\t    \t<\/div>\n\t\t    <\/div>\n\t    <!-- \/row_inner -->\n\t<\/div>\n\t<!-- \/module_row -->\n\t<\/div>\n<!--\/themify_builder_content-->","protected":false},"excerpt":{"rendered":"<p>Est\u00fadio Chroma Key Descubra o Potencial do Est\u00fadio Chroma Key em Belo Horizonte! Se voc\u00ea busca versatilidade e praticidade, o Est\u00fadio Nove \u00e9 o lugar perfeito para voc\u00ea. Com nossa parede de Chroma Key e ilumina\u00e7\u00e3o completa, as possibilidades s\u00e3o infinitas. Al\u00e9m disso, nossa estrutura ampla de 38 m\u00b2 proporciona espa\u00e7o suficiente para realizar in\u00fameros [&hellip;]<\/p>\n","protected":false},"author":1,"featured_media":0,"parent":0,"menu_order":0,"comment_status":"closed","ping_status":"closed","template":"","meta":{"footnotes":""},"class_list":["post-1085","page","type-page","status-publish","hentry","has-post-title","has-post-date","has-post-category","has-post-tag","has-post-comment","has-post-author",""],"_links":{"self":[{"href":"https:\/\/zeronoveestudio.com\/index.php\/wp-json\/wp\/v2\/pages\/1085","targetHints":{"allow":["GET"]}}],"collection":[{"href":"https:\/\/zeronoveestudio.com\/index.php\/wp-json\/wp\/v2\/pages"}],"about":[{"href":"https:\/\/zeronoveestudio.com\/index.php\/wp-json\/wp\/v2\/types\/page"}],"author":[{"embeddable":true,"href":"https:\/\/zeronoveestudio.com\/index.php\/wp-json\/wp\/v2\/users\/1"}],"replies":[{"embeddable":true,"href":"https:\/\/zeronoveestudio.com\/index.php\/wp-json\/wp\/v2\/comments?post=1085"}],"version-history":[{"count":17,"href":"https:\/\/zeronoveestudio.com\/index.php\/wp-json\/wp\/v2\/pages\/1085\/revisions"}],"predecessor-version":[{"id":1810,"href":"https:\/\/zeronoveestudio.com\/index.php\/wp-json\/wp\/v2\/pages\/1085\/revisions\/1810"}],"wp:attachment":[{"href":"https:\/\/zeronoveestudio.com\/index.php\/wp-json\/wp\/v2\/media?parent=1085"}],"curies":[{"name":"wp","href":"https:\/\/api.w.org\/{rel}","templated":true}]}}